{"id":349,"date":"2019-07-06T23:14:58","date_gmt":"2019-07-06T23:14:58","guid":{"rendered":"https:\/\/www.demula.be\/producten\/"},"modified":"2020-09-17T14:40:05","modified_gmt":"2020-09-17T12:40:05","slug":"produits","status":"publish","type":"page","link":"https:\/\/www.demula.be\/fr\/produits\/","title":{"rendered":"Produits"},"content":{"rendered":"<p>Les adjuvants pour b\u00e9ton permettent \u00e0 votre b\u00e9ton d\u2019obtenir de meilleures performances.\u00a0Le r\u00e9sultat est non seulement plus avantageux, mais aussi plus r\u00e9sistant, plus durable et plus esth\u00e9tique.<\/p>\n<p>La qualit\u00e9 est prioritaire dans notre assortiment d&rsquo;adjuvants.\u00a0Tous nos produits Fluvicon, Fluvicast et Technofluid poss\u00e8dent d\u00e8s lors les labels de qualit\u00e9 n\u00e9cessaires.<\/p>\n<p>Chez Demula, nous jouons aussi de plus en plus la carte de l\u2019\u00e9cologie et optons de plus en plus pour des produits respectueux de l&rsquo;environnement. Dans le m\u00eame ordre d&rsquo;id\u00e9es, nous nous sp\u00e9cialisons de plus en plus dans l&rsquo;avenir du b\u00e9ton circulaire.<\/p>\n<p>Outre les adjuvants pour b\u00e9ton, les mortiers jouent \u00e9galement un r\u00f4le majeur dans l\u2019offre commercialis\u00e9e par Demula.\u00a0Suite \u00e0 la demande toujours croissante sur chantier de mortiers qualitatifs r\u00e9pondant aux exigences \u00e9lev\u00e9es, l&rsquo;usine de mortier de Breda (Pays-Bas) a \u00e9t\u00e9 fortement agrandie et la production y a \u00e9t\u00e9 consid\u00e9rablement augment\u00e9e.\u00a0Nous sommes d\u00e9sormais repr\u00e9sent\u00e9s sur la majorit\u00e9 des chantiers en Belgique avec nos propres marques Cuglaton et Cuglacrete.<\/p>\n<p>Vous pouvez \u00e9galement vous adresser \u00e0 nous pour des d\u00e9coffrants, des <em>curing compounds<\/em> pour diverses applications, des retardateurs de surface pour b\u00e9ton d\u00e9lav\u00e9, des produits hydrofuges, des fibres de polypropyl\u00e8ne, des produits d\u2019adh\u00e9rence ainsi que des produits pour prot\u00e9ger votre b\u00e9ton contre le gel et les sels de d\u00e9neigement.<\/p>\n<p>Vous avez encore des questions sur certains produits? N&rsquo;h\u00e9sitez pas \u00e0 nous contacter, nous nous ferons un plaisir de vous aider!<\/p>\n","protected":false},"excerpt":{"rendered":"<p>Les adjuvants pour b\u00e9ton permettent \u00e0 votre b\u00e9ton d\u2019obtenir de meilleures performances.\u00a0Le r\u00e9sultat est non seulement plus avantageux, mais aussi plus r\u00e9sistant, plus durable et plus esth\u00e9tique. La qualit\u00e9 est prioritaire dans notre assortiment d&rsquo;adjuvants.\u00a0Tous nos produits Fluvicon, Fluvicast et Technofluid poss\u00e8dent d\u00e8s lors les labels de qualit\u00e9 n\u00e9cessaires. Chez Demula, nous jouons aussi de [&hellip;]<\/p>\n","protected":false},"author":4,"featured_media":0,"parent":0,"menu_order":0,"comment_status":"closed","ping_status":"closed","template":"page-productoverview.php","meta":{"_acf_changed":false,"inline_featured_image":false,"footnotes":""},"class_list":["post-349","page","type-page","status-publish","hentry"],"acf":[],"yoast_head":"<!-- This site is optimized with the Yoast SEO plugin v27.0 - https:\/\/yoast.com\/product\/yoast-seo-wordpress\/ -->\n<title>Produits - Demula<\/title>\n<meta name=\"robots\" content=\"index, follow, max-snippet:-1, max-image-preview:large, max-video-preview:-1\" \/>\n<link rel=\"canonical\" href=\"https:\/\/www.demula.be\/fr\/produits\/\" \/>\n<meta property=\"og:locale\" content=\"fr_FR\" \/>\n<meta property=\"og:type\" content=\"article\" \/>\n<meta property=\"og:title\" content=\"Produits - Demula\" \/>\n<meta property=\"og:description\" content=\"Les adjuvants pour b\u00e9ton permettent \u00e0 votre b\u00e9ton d\u2019obtenir de meilleures performances.\u00a0Le r\u00e9sultat est non seulement plus avantageux, mais aussi plus r\u00e9sistant, plus durable et plus esth\u00e9tique. La qualit\u00e9 est prioritaire dans notre assortiment d&rsquo;adjuvants.\u00a0Tous nos produits Fluvicon, Fluvicast et Technofluid poss\u00e8dent d\u00e8s lors les labels de qualit\u00e9 n\u00e9cessaires. Chez Demula, nous jouons aussi de [&hellip;]\" \/>\n<meta property=\"og:url\" content=\"https:\/\/www.demula.be\/fr\/produits\/\" \/>\n<meta property=\"og:site_name\" content=\"Demula\" \/>\n<meta property=\"article:modified_time\" content=\"2020-09-17T12:40:05+00:00\" \/>\n<meta property=\"og:image\" content=\"https:\/\/www.demula.be\/wp-content\/uploads\/2019\/07\/demula-og.png\" \/>\n\t<meta property=\"og:image:width\" content=\"1200\" \/>\n\t<meta property=\"og:image:height\" content=\"630\" \/>\n\t<meta property=\"og:image:type\" content=\"image\/png\" \/>\n<meta name=\"twitter:card\" content=\"summary_large_image\" \/>\n<meta name=\"twitter:label1\" content=\"Dur\u00e9e de lecture estim\u00e9e\" \/>\n\t<meta name=\"twitter:data1\" content=\"1 minute\" \/>\n<script type=\"application\/ld+json\" class=\"yoast-schema-graph\">{\"@context\":\"https:\/\/schema.org\",\"@graph\":[{\"@type\":\"WebPage\",\"@id\":\"https:\/\/www.demula.be\/fr\/produits\/\",\"url\":\"https:\/\/www.demula.be\/fr\/produits\/\",\"name\":\"Produits - Demula\",\"isPartOf\":{\"@id\":\"https:\/\/www.demula.be\/nl\/#website\"},\"datePublished\":\"2019-07-06T23:14:58+00:00\",\"dateModified\":\"2020-09-17T12:40:05+00:00\",\"breadcrumb\":{\"@id\":\"https:\/\/www.demula.be\/fr\/produits\/#breadcrumb\"},\"inLanguage\":\"fr-FR\",\"potentialAction\":[{\"@type\":\"ReadAction\",\"target\":[\"https:\/\/www.demula.be\/fr\/produits\/\"]}]},{\"@type\":\"BreadcrumbList\",\"@id\":\"https:\/\/www.demula.be\/fr\/produits\/#breadcrumb\",\"itemListElement\":[{\"@type\":\"ListItem\",\"position\":1,\"name\":\"Home\",\"item\":\"https:\/\/www.demula.be\/fr\/\"},{\"@type\":\"ListItem\",\"position\":2,\"name\":\"Produits\"}]},{\"@type\":\"WebSite\",\"@id\":\"https:\/\/www.demula.be\/nl\/#website\",\"url\":\"https:\/\/www.demula.be\/nl\/\",\"name\":\"Demula\",\"description\":\"Goed voor nog beter beton\",\"publisher\":{\"@id\":\"https:\/\/www.demula.be\/nl\/#organization\"},\"potentialAction\":[{\"@type\":\"SearchAction\",\"target\":{\"@type\":\"EntryPoint\",\"urlTemplate\":\"https:\/\/www.demula.be\/nl\/?s={search_term_string}\"},\"query-input\":{\"@type\":\"PropertyValueSpecification\",\"valueRequired\":true,\"valueName\":\"search_term_string\"}}],\"inLanguage\":\"fr-FR\"},{\"@type\":\"Organization\",\"@id\":\"https:\/\/www.demula.be\/nl\/#organization\",\"name\":\"Demula\",\"url\":\"https:\/\/www.demula.be\/nl\/\",\"logo\":{\"@type\":\"ImageObject\",\"inLanguage\":\"fr-FR\",\"@id\":\"https:\/\/www.demula.be\/nl\/#\/schema\/logo\/image\/\",\"url\":\"https:\/\/www.demula.be\/wp-content\/uploads\/2019\/07\/logo.png\",\"contentUrl\":\"https:\/\/www.demula.be\/wp-content\/uploads\/2019\/07\/logo.png\",\"width\":221,\"height\":100,\"caption\":\"Demula\"},\"image\":{\"@id\":\"https:\/\/www.demula.be\/nl\/#\/schema\/logo\/image\/\"}}]}<\/script>\n<!-- \/ Yoast SEO plugin. -->","yoast_head_json":{"title":"Produits - Demula","robots":{"index":"index","follow":"follow","max-snippet":"max-snippet:-1","max-image-preview":"max-image-preview:large","max-video-preview":"max-video-preview:-1"},"canonical":"https:\/\/www.demula.be\/fr\/produits\/","og_locale":"fr_FR","og_type":"article","og_title":"Produits - Demula","og_description":"Les adjuvants pour b\u00e9ton permettent \u00e0 votre b\u00e9ton d\u2019obtenir de meilleures performances.\u00a0Le r\u00e9sultat est non seulement plus avantageux, mais aussi plus r\u00e9sistant, plus durable et plus esth\u00e9tique. La qualit\u00e9 est prioritaire dans notre assortiment d&rsquo;adjuvants.\u00a0Tous nos produits Fluvicon, Fluvicast et Technofluid poss\u00e8dent d\u00e8s lors les labels de qualit\u00e9 n\u00e9cessaires. Chez Demula, nous jouons aussi de [&hellip;]","og_url":"https:\/\/www.demula.be\/fr\/produits\/","og_site_name":"Demula","article_modified_time":"2020-09-17T12:40:05+00:00","og_image":[{"width":1200,"height":630,"url":"https:\/\/www.demula.be\/wp-content\/uploads\/2019\/07\/demula-og.png","type":"image\/png"}],"twitter_card":"summary_large_image","twitter_misc":{"Dur\u00e9e de lecture estim\u00e9e":"1 minute"},"schema":{"@context":"https:\/\/schema.org","@graph":[{"@type":"WebPage","@id":"https:\/\/www.demula.be\/fr\/produits\/","url":"https:\/\/www.demula.be\/fr\/produits\/","name":"Produits - Demula","isPartOf":{"@id":"https:\/\/www.demula.be\/nl\/#website"},"datePublished":"2019-07-06T23:14:58+00:00","dateModified":"2020-09-17T12:40:05+00:00","breadcrumb":{"@id":"https:\/\/www.demula.be\/fr\/produits\/#breadcrumb"},"inLanguage":"fr-FR","potentialAction":[{"@type":"ReadAction","target":["https:\/\/www.demula.be\/fr\/produits\/"]}]},{"@type":"BreadcrumbList","@id":"https:\/\/www.demula.be\/fr\/produits\/#breadcrumb","itemListElement":[{"@type":"ListItem","position":1,"name":"Home","item":"https:\/\/www.demula.be\/fr\/"},{"@type":"ListItem","position":2,"name":"Produits"}]},{"@type":"WebSite","@id":"https:\/\/www.demula.be\/nl\/#website","url":"https:\/\/www.demula.be\/nl\/","name":"Demula","description":"Goed voor nog beter beton","publisher":{"@id":"https:\/\/www.demula.be\/nl\/#organization"},"potentialAction":[{"@type":"SearchAction","target":{"@type":"EntryPoint","urlTemplate":"https:\/\/www.demula.be\/nl\/?s={search_term_string}"},"query-input":{"@type":"PropertyValueSpecification","valueRequired":true,"valueName":"search_term_string"}}],"inLanguage":"fr-FR"},{"@type":"Organization","@id":"https:\/\/www.demula.be\/nl\/#organization","name":"Demula","url":"https:\/\/www.demula.be\/nl\/","logo":{"@type":"ImageObject","inLanguage":"fr-FR","@id":"https:\/\/www.demula.be\/nl\/#\/schema\/logo\/image\/","url":"https:\/\/www.demula.be\/wp-content\/uploads\/2019\/07\/logo.png","contentUrl":"https:\/\/www.demula.be\/wp-content\/uploads\/2019\/07\/logo.png","width":221,"height":100,"caption":"Demula"},"image":{"@id":"https:\/\/www.demula.be\/nl\/#\/schema\/logo\/image\/"}}]}},"_links":{"self":[{"href":"https:\/\/www.demula.be\/fr\/wp-json\/wp\/v2\/pages\/349","targetHints":{"allow":["GET"]}}],"collection":[{"href":"https:\/\/www.demula.be\/fr\/wp-json\/wp\/v2\/pages"}],"about":[{"href":"https:\/\/www.demula.be\/fr\/wp-json\/wp\/v2\/types\/page"}],"author":[{"embeddable":true,"href":"https:\/\/www.demula.be\/fr\/wp-json\/wp\/v2\/users\/4"}],"replies":[{"embeddable":true,"href":"https:\/\/www.demula.be\/fr\/wp-json\/wp\/v2\/comments?post=349"}],"version-history":[{"count":0,"href":"https:\/\/www.demula.be\/fr\/wp-json\/wp\/v2\/pages\/349\/revisions"}],"wp:attachment":[{"href":"https:\/\/www.demula.be\/fr\/wp-json\/wp\/v2\/media?parent=349"}],"curies":[{"name":"wp","href":"https:\/\/api.w.org\/{rel}","templated":true}]}}